{"id":9,"date":"2023-04-30T14:51:28","date_gmt":"2023-04-30T14:51:28","guid":{"rendered":"https:\/\/verlagkessel.de\/?page_id=9"},"modified":"2023-05-02T11:20:20","modified_gmt":"2023-05-02T11:20:20","slug":"ueber-uns","status":"publish","type":"page","link":"https:\/\/verlagkessel.de\/?page_id=9","title":{"rendered":"\u00dcber uns"},"content":{"rendered":"\n<p>Wir machen B\u00fccher, meist forstliche Titel aber auch andere.<\/p>\n\n\n\n<p>Kinderb\u00fccher finden Sie dort: <a href=\"http:\/\/www.forstbuch.de\/produkt-kategorie\/kinder-jugendbuch\" data-type=\"URL\" data-id=\"www.forstbuch.de\/produkt-kategorie\/kinder-jugendbuch\">www.forstbuch.de\/produkt-kategorie\/kinder-jugendbuch<\/a><\/p>\n\n\n\n<p>Eine komplette \u00dcbersicht finden Sie dort: <a href=\"http:\/\/www.forstbuch.de\">http:\/\/www.forstbuch.de<\/a><\/p>\n\n\n\n<p><\/p>\n\n\n\n<p>Sie haben ein Manuskript und m\u00f6chten, dass wir daraus ein Buch machen? <\/p>\n\n\n\n<p>Gerne k\u00f6nnen wir uns dar\u00fcber unterhalten, am besten schicken Sie eine E-Mail (nkessel(at)web.de oder rufen Sie uns an (02228-493).<\/p>\n","protected":false},"excerpt":{"rendered":"<p>Wir machen B\u00fccher, meist forstliche Titel aber auch andere. Kinderb\u00fccher finden Sie dort: www.forstbuch.de\/produkt-kategorie\/kinder-jugendbuch Eine komplette \u00dcbersicht finden Sie dort: http:\/\/www.forstbuch.de Sie haben ein Manuskript und m\u00f6chten, dass wir daraus ein Buch machen? Gerne k\u00f6nnen wir uns dar\u00fcber unterhalten, am besten schicken Sie eine E-Mail (nkessel(at)web.de oder rufen Sie uns an (02228-493).<\/p>\n","protected":false},"author":1,"featured_media":0,"parent":0,"menu_order":0,"comment_status":"closed","ping_status":"closed","template":"","meta":{"footnotes":""},"_links":{"self":[{"href":"https:\/\/verlagkessel.de\/index.php?rest_route=\/wp\/v2\/pages\/9"}],"collection":[{"href":"https:\/\/verlagkessel.de\/index.php?rest_route=\/wp\/v2\/pages"}],"about":[{"href":"https:\/\/verlagkessel.de\/index.php?rest_route=\/wp\/v2\/types\/page"}],"author":[{"embeddable":true,"href":"https:\/\/verlagkessel.de\/index.php?rest_route=\/wp\/v2\/users\/1"}],"replies":[{"embeddable":true,"href":"https:\/\/verlagkessel.de\/index.php?rest_route=%2Fwp%2Fv2%2Fcomments&post=9"}],"version-history":[{"count":3,"href":"https:\/\/verlagkessel.de\/index.php?rest_route=\/wp\/v2\/pages\/9\/revisions"}],"predecessor-version":[{"id":38,"href":"https:\/\/verlagkessel.de\/index.php?rest_route=\/wp\/v2\/pages\/9\/revisions\/38"}],"wp:attachment":[{"href":"https:\/\/verlagkessel.de\/index.php?rest_route=%2Fwp%2Fv2%2Fmedia&parent=9"}],"curies":[{"name":"wp","href":"https:\/\/api.w.org\/{rel}","templated":true}]}}